{"id":3983,"date":"2023-03-02T16:21:52","date_gmt":"2023-03-02T13:21:52","guid":{"rendered":"https:\/\/www.termoideal.com\/hse-policy\/"},"modified":"2026-02-06T11:23:05","modified_gmt":"2026-02-06T08:23:05","slug":"hse-policy","status":"publish","type":"page","link":"https:\/\/www.termoideal.com\/en\/hse-policy\/","title":{"rendered":"HSE Policy"},"content":{"rendered":"<p><div class=\"fusion-fullwidth fullwidth-box fusion-builder-row-1 fusion-flex-container has-pattern-background has-mask-background nonhundred-percent-fullwidth non-hundred-percent-height-scrolling\" style=\"--awb-background-position:left top;--awb-border-sizes-top:0px;--awb-border-sizes-bottom:0px;--awb-border-sizes-left:0px;--awb-border-sizes-right:0px;--awb-border-radius-top-left:0px;--awb-border-radius-top-right:0px;--awb-border-radius-bottom-right:0px;--awb-border-radius-bottom-left:0px;--awb-padding-top:90px;--awb-padding-bottom:5px;--awb-padding-top-medium:60px;--awb-margin-bottom:10px;--awb-flex-wrap:wrap;\" ><div class=\"fusion-builder-row fusion-row fusion-flex-align-items-flex-start fusion-flex-content-wrap\" style=\"max-width:1331.2px;margin-left: calc(-4% \/ 2 );margin-right: calc(-4% \/ 2 );\"><div class=\"fusion-layout-column fusion_builder_column fusion-builder-column-0 fusion_builder_column_1_1 1_1 fusion-flex-column\" style=\"--awb-bg-blend:overlay;--awb-bg-size:cover;--awb-width-large:100%;--awb-margin-top-large:10px;--awb-spacing-right-large:1.92%;--awb-margin-bottom-large:30px;--awb-spacing-left-large:1.92%;--awb-width-medium:100%;--awb-spacing-right-medium:1.92%;--awb-spacing-left-medium:1.92%;--awb-width-small:100%;--awb-spacing-right-small:1.92%;--awb-spacing-left-small:1.92%;\"><div class=\"fusion-column-wrapper fusion-flex-justify-content-flex-start fusion-content-layout-column\"><div class=\"fusion-image-element \" style=\"--awb-caption-title-font-family:var(--h2_typography-font-family);--awb-caption-title-font-weight:var(--h2_typography-font-weight);--awb-caption-title-font-style:var(--h2_typography-font-style);--awb-caption-title-size:var(--h2_typography-font-size);--awb-caption-title-transform:var(--h2_typography-text-transform);--awb-caption-title-line-height:var(--h2_typography-line-height);--awb-caption-title-letter-spacing:var(--h2_typography-letter-spacing);\"><span class=\" fusion-imageframe imageframe-none imageframe-1 hover-type-none\"><img decoding=\"async\" width=\"1800\" height=\"350\" title=\"hse\" src=\"https:\/\/www.termoideal.com\/wp-content\/uploads\/2026\/02\/hse.webp\" alt class=\"img-responsive wp-image-3982\"\/><\/span><\/div><\/div><\/div><\/div><\/div><div class=\"fusion-fullwidth fullwidth-box fusion-builder-row-2 fusion-flex-container has-pattern-background has-mask-background nonhundred-percent-fullwidth non-hundred-percent-height-scrolling\" style=\"--awb-background-position:left top;--awb-border-sizes-top:0px;--awb-border-sizes-bottom:0px;--awb-border-sizes-left:0px;--awb-border-sizes-right:0px;--awb-border-radius-top-left:0px;--awb-border-radius-top-right:0px;--awb-border-radius-bottom-right:0px;--awb-border-radius-bottom-left:0px;--awb-padding-top:20px;--awb-padding-bottom:5px;--awb-padding-top-medium:60px;--awb-margin-bottom:120px;--awb-flex-wrap:wrap;\" ><div class=\"fusion-builder-row fusion-row fusion-flex-align-items-flex-start fusion-flex-content-wrap\" style=\"max-width:1331.2px;margin-left: calc(-4% \/ 2 );margin-right: calc(-4% \/ 2 );\"><div class=\"fusion-layout-column fusion_builder_column fusion-builder-column-1 fusion_builder_column_1_1 1_1 fusion-flex-column\" style=\"--awb-bg-blend:overlay;--awb-bg-size:cover;--awb-width-large:100%;--awb-margin-top-large:10px;--awb-spacing-right-large:1.92%;--awb-margin-bottom-large:30px;--awb-spacing-left-large:1.92%;--awb-width-medium:100%;--awb-spacing-right-medium:1.92%;--awb-spacing-left-medium:1.92%;--awb-width-small:100%;--awb-spacing-right-small:1.92%;--awb-spacing-left-small:1.92%;\"><div class=\"fusion-column-wrapper fusion-flex-justify-content-flex-start fusion-content-layout-column\"><div class=\"fusion-text fusion-text-1\" style=\"--awb-content-alignment:left;--awb-font-size:16px;--awb-line-height:1.6em;--awb-letter-spacing:var(--awb-typography2-letter-spacing);--awb-text-transform:none;--awb-text-font-family:&quot;Poppins&quot;;--awb-text-font-style:normal;--awb-text-font-weight:400;\"><p>Termo \u0130deal Heating Ind. and Trade Inc. has begun work to establish a Health, Safety, and Environment (HSE) Management System in accordance with the OHSAS 18001:2007 Standard and the ISO 14001:2015 Standard, and has incorporated the following into its company strategy:<\/p>\n<p>\u2022 Increasing the company&#8217;s HSE culture,<br \/>\n\u2022 Adapting national laws, regulations, and other requirements related to company activities to the HSE Management System,<br \/>\n\u2022 Identifying, eliminating, or reducing risky situations to acceptable limits,<br \/>\n\u2022 Continuously improving the HSE Management System to achieve its primary objective.<br \/>Termo \u0130deal Heating Ind. and Trade Inc. acts in accordance with the following principles and ensures their implementation to minimize potential harm to employees, third parties, and property during its general operations:<br \/>\nTermo \u0130deal Heating Ind. and Trade Inc. has begun work to establish a Health, Safety, and Environment (HSE) Management System in accordance with the OHSAS 18001:2007 Standard and the ISO 14001:2015 Standard, and has incorporated the following into its company strategy:<br \/>\n\u2022 Increasing the company&#8217;s HSE culture,<br \/>\u2022 Adapting national laws, regulations, and other requirements related to company activities to the HSE Management System,<br \/>\n\u2022 Identifying, eliminating, or reducing risky situations to acceptable limits,<br \/>\n\u2022 Continuously improving the HSE Management System to achieve its primary objective.<br \/>Termo \u0130deal Heating Ind. and Trade Inc. acts in accordance with the following principles and ensures their implementation to minimize potential harm to employees, third parties, and property during its general operations:<br \/>\n\u2022 Taking the necessary HSE measures to prevent occupational accidents, occupational diseases, and environmental pollution.<br \/>\n\u2022 Commits to complying with HSE laws, statutes, regulations, and standards, as well as customer HSE specifications, if applicable.<br \/>\n\u2022 Conducts risk analyses and takes necessary precautions to eliminate or minimize potential hazards.<br \/>\n\u2022 If high-level risks are encountered during work, stops work until the necessary precautions are taken.<br \/>\n\u2022 Ensures the participation of all employees to ensure that HSE responsibility and awareness are understood and shared at all levels.<br \/>\u2022 Increases HSE awareness through training and meetings.<br \/>\n\u2022 Raises employee awareness of the importance and use of personal protective equipment.<br \/>\u2022 The policy is communicated to all personnel working under the company&#8217;s control so that they are aware of their personal HSE responsibilities.<br \/>\n\u2022 Maintains statistical data and strives for continuous improvement of the system.<br \/>\n\u2022 Adapts new developments and practices in the HSE field to the system,<br \/>\n\u2022 Minimizes the consumption of natural resources,<br \/>\u2022 Takes necessary precautions to minimize waste.<br \/>\u2022 Investigates accidents and incidents and investigates their causes.<br \/>\nTermo \u0130deal Is\u0131 San. ve Tic. A.\u015e.&#8217;s HSE Goals are based on the following key principles:<br \/>\u2022 Creating a safe, healthy, and active work environment for the continuation of workforce activities.<br \/>\u2022 Maintaining company-owned equipment and property.<br \/>\u2022 Considering HSE-related requirements in all activities.<br \/>\n\u2022 Ensuring the inclusion of ideas and suggestions from relevant groups and teams.<br \/>Company policy is the basis for setting and reviewing HSE goals.<br \/>\nCompany Management ensures that all necessary resources are provided to achieve these goals and that the HSE Management System is revised regularly to ensure its effectiveness.<br \/>\nAll employees and subcontractors will support the organization in developing this system.<\/p>\n<\/div><\/div><\/div><\/div><\/div><\/p>\n","protected":false},"excerpt":{"rendered":"","protected":false},"author":1,"featured_media":0,"parent":0,"menu_order":0,"comment_status":"closed","ping_status":"closed","template":"100-width.php","meta":{"footnotes":""},"class_list":["post-3983","page","type-page","status-publish","hentry"],"_links":{"self":[{"href":"https:\/\/www.termoideal.com\/en\/wp-json\/wp\/v2\/pages\/3983","targetHints":{"allow":["GET"]}}],"collection":[{"href":"https:\/\/www.termoideal.com\/en\/wp-json\/wp\/v2\/pages"}],"about":[{"href":"https:\/\/www.termoideal.com\/en\/wp-json\/wp\/v2\/types\/page"}],"author":[{"embeddable":true,"href":"https:\/\/www.termoideal.com\/en\/wp-json\/wp\/v2\/users\/1"}],"replies":[{"embeddable":true,"href":"https:\/\/www.termoideal.com\/en\/wp-json\/wp\/v2\/comments?post=3983"}],"version-history":[{"count":11,"href":"https:\/\/www.termoideal.com\/en\/wp-json\/wp\/v2\/pages\/3983\/revisions"}],"predecessor-version":[{"id":4003,"href":"https:\/\/www.termoideal.com\/en\/wp-json\/wp\/v2\/pages\/3983\/revisions\/4003"}],"wp:attachment":[{"href":"https:\/\/www.termoideal.com\/en\/wp-json\/wp\/v2\/media?parent=3983"}],"curies":[{"name":"wp","href":"https:\/\/api.w.org\/{rel}","templated":true}]}}